{"id":1770,"date":"2024-09-27T16:17:00","date_gmt":"2024-09-27T19:17:00","guid":{"rendered":"https:\/\/www.comwar.cl\/wp\/?post_type=product&#038;p=1770"},"modified":"2024-09-27T16:20:10","modified_gmt":"2024-09-27T19:20:10","slug":"generador-electrico-diesel-6-5kva-kolvok-2","status":"publish","type":"product","link":"https:\/\/www.comwar.cl\/wp\/producto\/generador-electrico-diesel-6-5kva-kolvok-2\/","title":{"rendered":"GENERADOR ELECTRICO DIESEL 6.5KVA KOLVOK"},"content":{"rendered":"<p>Caracter\u00edsticas t\u00e9cnicas:<\/p>\n<ul>\n<li class=\"woocommerce-product-attributes-item--attribute_pa_marca\"><span class=\"w-post-elm-before\">Marca:\u00a0<\/span><strong><span class=\"woocommerce-product-attributes-item__value\">KOLVOK<\/span><\/strong><\/li>\n<li class=\"woocommerce-product-attributes-item--attribute_pa_marca\">Modelo:\u00a0<strong><span class=\"woocommerce-product-attributes-item__value\">GS850D<\/span><\/strong><\/li>\n<li class=\"woocommerce-product-attributes-item--attribute_pa_marca\">Potencia m\u00e1xima: <strong><span class=\"woocommerce-product-attributes-item__value\">6,5 KW\/6,5 KVA<\/span><\/strong><\/li>\n<li>Potencia nominal: <strong>6,0 KW\/ 6,0 KVA<\/strong><\/li>\n<li>Voltaje frecuencia: <strong>220<\/strong><strong>V\/50Hz<\/strong><\/li>\n<li class=\"woocommerce-product-attributes-item--attribute_pa_marca\">Amperaje: <strong>26<\/strong><strong>A<\/strong><\/li>\n<li class=\"woocommerce-product-attributes-item--attribute_pa_marca\">Partida:\u00a0<strong><span class=\"woocommerce-product-attributes-item__value\">ELECTRICA<\/span><\/strong><\/li>\n<li class=\"woocommerce-product-attributes-item--attribute_pa_marca\">Insonorizado:\u00a0<strong>SI<\/strong><\/li>\n<li class=\"woocommerce-product-attributes-item--attribute_pa_marca\">Incluye Conexi\u00f3n a ATS:\u00a0<strong>SI (No incluye equipo ATS)<\/strong><\/li>\n<li class=\"woocommerce-product-attributes-item--attribute_pa_marca\">Capacidad de Estanque: <strong><span class=\"woocommerce-product-attributes-item__value\">14,5Lts<\/span><\/strong><\/li>\n<li>Fase:<strong> Monof\u00e1sico<\/strong><\/li>\n<li>Refrigeraci\u00f3n: <strong>Aire<\/strong><\/li>\n<li>Tipo tecnolog\u00eda: <strong>Respaldo<\/strong><\/li>\n<li class=\"woocommerce-product-attributes-item--attribute_pa_marca\">Largo Producto: <strong>9<\/strong><strong><span class=\"woocommerce-product-attributes-item__value\">6cm<\/span><\/strong><\/li>\n<li class=\"woocommerce-product-attributes-item--attribute_pa_marca\">Ancho Producto: <strong><span class=\"woocommerce-product-attributes-item__value\">53cm<\/span><\/strong><\/li>\n<li class=\"woocommerce-product-attributes-item--attribute_pa_marca\">Alto Producto: <strong><span class=\"woocommerce-product-attributes-item__value\">68cm<\/span><\/strong><\/li>\n<li class=\"woocommerce-product-attributes-item--attribute_pa_marca\">Peso Producto: <strong><span class=\"woocommerce-product-attributes-item__value\">170kg<\/span><\/strong><\/li>\n<\/ul>\n","protected":false},"excerpt":{"rendered":"<p>El generador di\u00e9sel de 6.5 kVA, modelo GS850D de KOLVOK, est\u00e1 dise\u00f1ado para marcar la diferencia en el mercado. Con una cabina insonorizada que reduce el ruido a 74dB y una potencia monof\u00e1sica de 6,000W, ofrece un suministro de energ\u00eda confiable y de alta calidad, ideal para uso residencial.<\/p>\n<p>El GS850D est\u00e1 equipado con un panel SMARTGEN de \u00faltima generaci\u00f3n, que permite monitorear y controlar el generador de manera eficiente, adem\u00e1s de incluir alarmas que mantienen al usuario informado sobre los niveles y el estado del equipo. Su arranque electr\u00f3nico y funci\u00f3n de parada de emergencia desde el panel de control hacen que su operaci\u00f3n sea c\u00f3moda y segura.<\/p>\n<p>Este generador tambi\u00e9n es compatible con un tablero de transferencia autom\u00e1tica (ATS), lo que permite un arranque autom\u00e1tico en caso de un corte de corriente. Adem\u00e1s, su sistema de doble ventilaci\u00f3n garantiza una temperatura \u00f3ptima en todo momento, asegurando un rendimiento constante y sin interrupciones.<\/p>\n","protected":false},"featured_media":1771,"template":"","meta":{"_eb_attr":""},"product_brand":[],"product_cat":[117],"product_tag":[],"class_list":{"0":"post-1770","1":"product","2":"type-product","3":"status-publish","4":"has-post-thumbnail","6":"product_cat-generadores","8":"first","9":"instock","10":"shipping-taxable","11":"purchasable","12":"product-type-simple"},"_links":{"self":[{"href":"https:\/\/www.comwar.cl\/wp\/wp-json\/wp\/v2\/product\/1770","targetHints":{"allow":["GET"]}}],"collection":[{"href":"https:\/\/www.comwar.cl\/wp\/wp-json\/wp\/v2\/product"}],"about":[{"href":"https:\/\/www.comwar.cl\/wp\/wp-json\/wp\/v2\/types\/product"}],"wp:featuredmedia":[{"embeddable":true,"href":"https:\/\/www.comwar.cl\/wp\/wp-json\/wp\/v2\/media\/1771"}],"wp:attachment":[{"href":"https:\/\/www.comwar.cl\/wp\/wp-json\/wp\/v2\/media?parent=1770"}],"wp:term":[{"taxonomy":"product_brand","embeddable":true,"href":"https:\/\/www.comwar.cl\/wp\/wp-json\/wp\/v2\/product_brand?post=1770"},{"taxonomy":"product_cat","embeddable":true,"href":"https:\/\/www.comwar.cl\/wp\/wp-json\/wp\/v2\/product_cat?post=1770"},{"taxonomy":"product_tag","embeddable":true,"href":"https:\/\/www.comwar.cl\/wp\/wp-json\/wp\/v2\/product_tag?post=1770"}],"curies":[{"name":"wp","href":"https:\/\/api.w.org\/{rel}","templated":true}]}}